{"id":1033,"date":"2017-05-08T04:04:16","date_gmt":"2017-05-08T04:04:16","guid":{"rendered":"http:\/\/rataje.eu\/?page_id=1033"},"modified":"2021-05-01T08:32:13","modified_gmt":"2021-05-01T08:32:13","slug":"kierunki-ksztalcenia-od-roku-2017-2018","status":"publish","type":"page","link":"https:\/\/rataje.eu\/?page_id=1033","title":{"rendered":"Kierunki kszta\u0142cenia od roku 2021-2022"},"content":{"rendered":"\r\n<figure class=\"wp-block-image size-large\"><img loading=\"lazy\" decoding=\"async\" class=\"alignnone size-full wp-image-6365\" src=\"http:\/\/rataje.eu\/wp-content\/uploads\/2017\/01\/directions.jpg\" alt=\"\" width=\"974\" height=\"623\" srcset=\"https:\/\/rataje.eu\/wp-content\/uploads\/2017\/01\/directions.jpg 974w, https:\/\/rataje.eu\/wp-content\/uploads\/2017\/01\/directions-300x192.jpg 300w, https:\/\/rataje.eu\/wp-content\/uploads\/2017\/01\/directions-768x491.jpg 768w, https:\/\/rataje.eu\/wp-content\/uploads\/2017\/01\/directions-960x614.jpg 960w\" sizes=\"auto, (max-width: 974px) 100vw, 974px\" \/><\/figure>\r\n\r\n\r\n\r\n<div class=\"wp-block-file\">\u00a0<img loading=\"lazy\" decoding=\"async\" class=\"alignnone size-full wp-image-6328\" src=\"http:\/\/rataje.eu\/wp-content\/uploads\/2021\/04\/Ulotka-ZS-Rataje-2-2021.jpg\" alt=\"\" width=\"1285\" height=\"1363\" srcset=\"https:\/\/rataje.eu\/wp-content\/uploads\/2021\/04\/Ulotka-ZS-Rataje-2-2021.jpg 1285w, https:\/\/rataje.eu\/wp-content\/uploads\/2021\/04\/Ulotka-ZS-Rataje-2-2021-283x300.jpg 283w, https:\/\/rataje.eu\/wp-content\/uploads\/2021\/04\/Ulotka-ZS-Rataje-2-2021-965x1024.jpg 965w, https:\/\/rataje.eu\/wp-content\/uploads\/2021\/04\/Ulotka-ZS-Rataje-2-2021-768x815.jpg 768w, https:\/\/rataje.eu\/wp-content\/uploads\/2021\/04\/Ulotka-ZS-Rataje-2-2021-960x1018.jpg 960w\" sizes=\"auto, (max-width: 1285px) 100vw, 1285px\" \/><\/div>\r\n<div>\u00a0<\/div>\r\n<div><img loading=\"lazy\" decoding=\"async\" class=\"alignnone size-full wp-image-6327\" src=\"http:\/\/rataje.eu\/wp-content\/uploads\/2021\/04\/Ulotka-ZS-Rataje-1-2021.jpg\" alt=\"\" width=\"1285\" height=\"1363\" srcset=\"https:\/\/rataje.eu\/wp-content\/uploads\/2021\/04\/Ulotka-ZS-Rataje-1-2021.jpg 1285w, https:\/\/rataje.eu\/wp-content\/uploads\/2021\/04\/Ulotka-ZS-Rataje-1-2021-283x300.jpg 283w, https:\/\/rataje.eu\/wp-content\/uploads\/2021\/04\/Ulotka-ZS-Rataje-1-2021-965x1024.jpg 965w, https:\/\/rataje.eu\/wp-content\/uploads\/2021\/04\/Ulotka-ZS-Rataje-1-2021-768x815.jpg 768w, https:\/\/rataje.eu\/wp-content\/uploads\/2021\/04\/Ulotka-ZS-Rataje-1-2021-960x1018.jpg 960w\" sizes=\"auto, (max-width: 1285px) 100vw, 1285px\" \/><\/div>\r\n<div><a href=\"http:\/\/rataje.eu\/wp-content\/uploads\/2021\/04\/Kierunki-ksztalcenia-2021.pdf\">Kierunki kszta\u0142cenia 2021<\/a>\u00a0ulotka w formie pdf<\/div>\r\n<div>\u00a0<\/div>\r\n\r\n<ul>\r\n<li><strong>Liceum klasa turystyczna<\/strong> (przedmioty w zakresie rozszerzonym: geografia, j\u0119zyk angielski)<\/li>\r\n<\/ul>\r\n<p style=\"text-align: justify;\"><img loading=\"lazy\" decoding=\"async\" class=\"alignnone wp-image-6334 size-medium\" src=\"http:\/\/rataje.eu\/wp-content\/uploads\/2021\/04\/odpowiedzialna-turystyka-podroze-1024x683-1-e1618251254977-300x184.jpg\" alt=\"\" width=\"300\" height=\"184\" srcset=\"https:\/\/rataje.eu\/wp-content\/uploads\/2021\/04\/odpowiedzialna-turystyka-podroze-1024x683-1-e1618251254977-300x184.jpg 300w, https:\/\/rataje.eu\/wp-content\/uploads\/2021\/04\/odpowiedzialna-turystyka-podroze-1024x683-1-e1618251254977.jpg 747w\" sizes=\"auto, (max-width: 300px) 100vw, 300px\" \/><\/p>\r\n<p>Po uko\u0144czeniu szko\u0142y ucze\u0144 mo\u017cesz pracowa\u0107 jako:<\/p>\r\n<p>pracownik agencji turystycznej<\/p>\r\n<p>przewodnik<\/p>\r\n<p>pilot wycieczek<\/p>\r\n<p>rezydent\u00a0<\/p>\r\n<p>&nbsp;<\/p>\r\n<hr \/>\r\n<ul>\r\n<li><strong>Liceum klasa j\u0119zykowa<\/strong> (przedmioty w zakresie rozszerzonym: j\u0119zyk angielski, j\u0119zyk niemiecki, dodatkowo j\u0119zyk hiszpa\u0144ski)<\/li>\r\n<\/ul>\r\n<p style=\"text-align: justify;\"><img loading=\"lazy\" decoding=\"async\" class=\"size-medium wp-image-1031 alignleft\" src=\"http:\/\/rataje.eu\/wp-content\/uploads\/2017\/05\/IMG_0911-300x172.jpg\" alt=\"\" width=\"300\" height=\"172\" srcset=\"https:\/\/rataje.eu\/wp-content\/uploads\/2017\/05\/IMG_0911-300x172.jpg 300w, https:\/\/rataje.eu\/wp-content\/uploads\/2017\/05\/IMG_0911.jpg 698w\" sizes=\"auto, (max-width: 300px) 100vw, 300px\" \/>Uczniowie, kt\u00f3rzy ch\u0119tnie ucz\u0105 si\u0119 j\u0119zyk\u00f3w obcych, chc\u0105 kontynuowa\u0107 swoj\u0105 edukacj\u0119, mieszka\u0107 i pracowa\u0107 w\u00a0dowolnym miejscu \u015bwiata zapraszamy do klasy j\u0119zykowej.<\/p>\r\n<p style=\"text-align: justify;\">W ramach zaj\u0119\u0107 przewiduje si\u0119; wsp\u00f3\u0142prac\u0119 z Instytutem Humanistycznym, kierunek filologia PWSZ Pi\u0142a, udzia\u0142 w projektach ERASMUS +, wymiana mi\u0119dzynarodowa ze szko\u0142ami partnerskimi, udzia\u0142 w konkursach j\u0119zykowych, nowoczesne metody nauczania, m.in. z wykorzystaniem narz\u0119dzi internetowych i platformy e-Twinning, \u00a0dodatkowe zaj\u0119cia rozwijaj\u0105ce specjalistyczne s\u0142ownictwo z r\u00f3\u017cnych dziedzin: np. biznes, prawo, medycyna, technologia informacyjna.<\/p>\r\n<p>Po uko\u0144czeniu szko\u0142y ucze\u0144 mo\u017cesz wybrac studia jako:<\/p>\r\n<p>t\u0142umacz<\/p>\r\n<p>filolog<\/p>\r\n<p>lektor j\u0119zyka obcego<\/p>\r\n<p>pracownik public relations<\/p>\r\n<p>pracownik spedycji<\/p>\r\n<p>lingwista<\/p>\r\n<p>pilot wycieczek<\/p>\r\n<hr \/>\r\n<ul>\r\n<li><strong>Technik informatyk<\/strong> (przedmioty w zakresie rozszerzonym: matematyka)<\/li>\r\n<\/ul>\r\n<p style=\"text-align: justify;\"><img loading=\"lazy\" decoding=\"async\" class=\"size-medium wp-image-1034 alignleft\" src=\"http:\/\/rataje.eu\/wp-content\/uploads\/2017\/05\/cloud-computing-0-300x91.jpg\" alt=\"\" width=\"300\" height=\"91\" srcset=\"https:\/\/rataje.eu\/wp-content\/uploads\/2017\/05\/cloud-computing-0-300x91.jpg 300w, https:\/\/rataje.eu\/wp-content\/uploads\/2017\/05\/cloud-computing-0-768x233.jpg 768w, https:\/\/rataje.eu\/wp-content\/uploads\/2017\/05\/cloud-computing-0-1024x311.jpg 1024w, https:\/\/rataje.eu\/wp-content\/uploads\/2017\/05\/cloud-computing-0-960x292.jpg 960w, https:\/\/rataje.eu\/wp-content\/uploads\/2017\/05\/cloud-computing-0.jpg 1920w\" sizes=\"auto, (max-width: 300px) 100vw, 300px\" \/>Absolwent szko\u0142y kszta\u0142c\u0105cej w zawodzie technik informatyk b\u0119dzie przygotowany do wykonywania nast\u0119puj\u0105cych zada\u0144 zawodowych: montowania oraz eksploatacji komputera i urz\u0105dze\u0144 peryferyjnych; projektowania i wykonywania lokalnych sieci komputerowych, administrowania tymi\u00a0sieciami, projektowania baz danych i administrowania bazami danych; tworzenia stron www i aplikacji internetowych, administrowania tymi stronami\u00a0i aplikacjami.<\/p>\r\n<p style=\"text-align: justify;\">Prac\u0119 znajdziesz w wyspecjalizowanych firmach informatycznych (serwisanci, administratorzy, konserwatorzy sprz\u0119tu), urz\u0119dach (administratorzy baz danych i sieci) a nawet w domu (projektanci, graficy), we wszystkich ga\u0142\u0119ziach gospodarki narodowej, w kt\u00f3rych maj\u0105 zastosowanie komputery. Mo\u017cesz tak\u017ce prowadzi\u0107 w\u0142asn\u0105 dzia\u0142alno\u015b\u0107 gospodarcz\u0105.<\/p>\r\n<p>Po uko\u0144czeniu szko\u0142y ucze\u0144 mo\u017cesz pracowa\u0107 jako:<\/p>\r\n<p>programista<\/p>\r\n<p>specjalista IT<\/p>\r\n<p>informatyk wsparcia u\u017cytkownik\u00f3w<\/p>\r\n<p>tester aplikacji<\/p>\r\n<p>administrator IT<\/p>\r\n<p>developer oprogramowania<\/p>\r\n<hr \/>\r\n<ul>\r\n<li style=\"text-align: justify;\"><strong>Technikum reklamy <\/strong>(przedmioty w zakresie rozszerzonym: \u00a0geografia)<\/li>\r\n<\/ul>\r\n<p style=\"text-align: justify;\"><img loading=\"lazy\" decoding=\"async\" class=\"size-medium wp-image-1037 alignleft\" src=\"http:\/\/rataje.eu\/wp-content\/uploads\/2017\/05\/DigitalAdvertising-1-300x113.jpg\" alt=\"\" width=\"300\" height=\"113\" srcset=\"https:\/\/rataje.eu\/wp-content\/uploads\/2017\/05\/DigitalAdvertising-1-300x113.jpg 300w, https:\/\/rataje.eu\/wp-content\/uploads\/2017\/05\/DigitalAdvertising-1-768x288.jpg 768w, https:\/\/rataje.eu\/wp-content\/uploads\/2017\/05\/DigitalAdvertising-1-1024x384.jpg 1024w, https:\/\/rataje.eu\/wp-content\/uploads\/2017\/05\/DigitalAdvertising-1-960x360.jpg 960w\" sizes=\"auto, (max-width: 300px) 100vw, 300px\" \/>Technik organizacji reklamy to bardzo ciekawy i posiadaj\u0105cy du\u017c\u0105 przysz\u0142o\u015b\u0107 zaw\u00f3d. \u0141\u0105czy wiedz\u0119 ekonomiczn\u0105, organizacyjn\u0105, plastyczn\u0105, psychologiczn\u0105, a tak\u017ce lingwistyczn\u0105. Zdobyta wiedza i umiej\u0119tno\u015bci umo\u017cliwi\u0105 absolwentom pozyskanie ciekawej pracy w szeroko rozumianej reklamie, kt\u00f3ra jest nieod\u0142\u0105cznym elementem gospodarki rynkowej. Uczniowie nagrywaj\u0105 profesjonalne reklamy w radiu, tworza kampanie reklamowe oraz sesje zdj\u0119ciowe.<\/p>\r\n<p style=\"text-align: justify;\">Absolwenci kierunku mog\u0105 by\u0107 zatrudniani w agencjach reklamowych, biurach og\u0142osze\u0144, mediach, agencjach,\u00a0studiach graficznych i\u00a0drukarniach. Mog\u0105 r\u00f3wnie\u017c podj\u0105\u0107 prac\u0119 jako specjali\u015bci d\/s kontakt\u00f3w z pras\u0105 i\u00a0kszta\u0142towania opinii publicznej w prasie, radiu i\u00a0telewizji lub prowadzi\u0107 dzia\u0142alno\u015b\u0107 gospodarcz\u0105 na w\u0142asny rachunek.<\/p>\r\n<p style=\"text-align: justify;\">Nale\u017cy podkre\u015bli\u0107, \u017ce rynek reklamy w Polsce znajduje si\u0119 wci\u0105\u017c w fazie rozwoju. Nowopowstaj\u0105ce firmy, jak r\u00f3wnie\u017c istniej\u0105ce ju\u017c na rynku, zainteresowane s\u0105 zatrudnieniem specjalist\u00f3w zwi\u0105zanych\u00a0organizacj\u0105 reklamy.<\/p>\r\n<p style=\"text-align: justify;\">Praca w reklamie jest prac\u0105 ciekaw\u0105, kreatywn\u0105 oraz stwarzaj\u0105c\u0105 ci\u0105gle nowe wyzwania.<\/p>\r\n<p>Po uko\u0144czeniu szko\u0142y mo\u017cesz pracowa\u0107 jako:<\/p>\r\n<p>designer (projektant wn\u0119trz)<\/p>\r\n<p>grafik komputerowy<\/p>\r\n<p>webmaster<\/p>\r\n<p>telemarketer<\/p>\r\n<p>przedstawiciel handlowy<\/p>\r\n<p>copywriter<\/p>\r\n<p>w\u0142a\u015bciciel firmy reklamowej<\/p>\r\n<hr \/>\r\n<ul>\r\n<li style=\"text-align: justify;\"><strong>Technik fotografii i multimedi\u00f3w<\/strong> (przedmioty w zakresie rozszerzonym: j\u0119zyk angielski)<\/li>\r\n<\/ul>\r\n<p style=\"text-align: justify;\"><img loading=\"lazy\" decoding=\"async\" class=\"size-medium wp-image-1039 alignleft\" src=\"http:\/\/rataje.eu\/wp-content\/uploads\/2017\/05\/photography-425687_960_720-300x200.jpg\" alt=\"\" width=\"300\" height=\"200\" srcset=\"https:\/\/rataje.eu\/wp-content\/uploads\/2017\/05\/photography-425687_960_720-300x200.jpg 300w, https:\/\/rataje.eu\/wp-content\/uploads\/2017\/05\/photography-425687_960_720-768x512.jpg 768w, https:\/\/rataje.eu\/wp-content\/uploads\/2017\/05\/photography-425687_960_720.jpg 960w\" sizes=\"auto, (max-width: 300px) 100vw, 300px\" \/>Technik fotografii i multimedi\u00f3w to specjalista zajmuj\u0105cy si\u0119 fotografowaniem i realizacj\u0105 projekt\u00f3w multimedialnych. Zajmuje si\u0119\u00a0 optycznym obrazowaniem wszelkiego rodzaju obiekt\u00f3w i\u00a0utrwalaniem tych obraz\u00f3w metodami chemicznymi lub elektronicznymi. Rejestruje i\u00a0przygotowuje materia\u0142y cyfrowe do publikacji w mediach. Wykonuje i\u00a0publikuje internetowe projekty multimedialne. Dobiera i wykorzystuje narz\u0119dzia informatyczne do realizacji okre\u015blonych zada\u0144.<\/p>\r\n<p style=\"text-align: justify;\"><strong>Technik Fotografii i Multimedi\u00f3w mo\u017ce pracowa\u0107 w studiach fotograficznych, agencjach wydawniczych i\u00a0reklamowych, policji, archiwach, instytucjach zajmuj\u0105cych si\u0119 cyfryzacj\u0105 materia\u0142\u00f3w analogowych oraz szeroko poj\u0119tym sektorze e-us\u0142ug.<\/strong><\/p>\r\n<p>Ucze\u0144 nabywa umiej\u0119tno\u015bci w zakresie:<\/p>\r\n<p>obr\u00f3bki materia\u0142\u00f3w fotograficznych<\/p>\r\n<p>obs\u0142ugi sprz\u0119tu fototechnicznego i audiowizualnego,<\/p>\r\n<p>\u0142\u0105czenia techniki komputerowej z zapisem cyfrowym i przetwarzaniem obraz\u00f3w,<\/p>\r\n<p>podstaw kompozycji obraz\u00f3w,<\/p>\r\n<p>podstaw technik fotograficznych, cyfrowych i multimedialnych,<\/p>\r\n<p>podstaw rysunku zawodowego,<\/p>\r\n<p>podstaw robienia zdj\u0119\u0107 reklamowych i artystycznych.<\/p>\r\n<p>Po uko\u0144czeniu szko\u0142y ucze\u0144 mo\u017ce pracowac jako:<\/p>\r\n<p>w\u0142a\u015bciciel firmy fotograficznej<\/p>\r\n<p>laboratoria przemys\u0142owe<\/p>\r\n<p>redakcje gazet<\/p>\r\n<p>agencje reklamowe<\/p>\r\n<p>studia graficzne<\/p>\r\n<p>archiwa i biblioteki<\/p>\r\n<p>laboratoria policyjne<\/p>\r\n<hr \/>\r\n<ul>\r\n<li><b>Technik\u00a0<\/b><span style=\"font-weight: 600;\">grafiki<\/span><b>\u00a0i poligrafii cyfrowej <\/b>(przedmiot\u00a0w zakresie rozszerzonym: j\u0119zyk angielski)<\/li>\r\n<\/ul>\r\n<p style=\"text-align: justify;\"><img loading=\"lazy\" decoding=\"async\" class=\"wp-image-5180 alignleft\" src=\"http:\/\/rataje.eu\/wp-content\/uploads\/2020\/02\/work_10-crop-u10692.jpg\" alt=\"\" width=\"183\" height=\"183\" srcset=\"https:\/\/rataje.eu\/wp-content\/uploads\/2020\/02\/work_10-crop-u10692.jpg 300w, https:\/\/rataje.eu\/wp-content\/uploads\/2020\/02\/work_10-crop-u10692-150x150.jpg 150w\" sizes=\"auto, (max-width: 183px) 100vw, 183px\" \/><\/p>\r\n<p style=\"text-align: justify;\">Technik grafiki i poligrafii cyfrowej zajmuje si\u0119 przygotowywaniem materia\u0142\u00f3w do drukowania. Obs\u0142uguje r\u00f3\u017cnego rodzaju programy graficzne oraz typowe programy do sk\u0142adu komputerowego. Z dostarczonych materia\u0142\u00f3w w postaci tekstu, wykres\u00f3w, fotografii, tabel wykonuje za pomoc\u0105 sprz\u0119tu komputerowego obr\u00f3bk\u0119 materia\u0142\u00f3w graficznych. Wykonuje i publikuje internetowe projekty multimedialne w tym bannery, buttony oraz strony internetowe.<\/p>\r\n<p style=\"text-align: justify;\">Technik grafiki i poligrafii cyfrowej jest obecny niemal w ka\u017cdej agencji reklamowej, we wszystkich firmach wydawniczych oraz drukarniach cyfrowych. Od jego umiej\u0119tno\u015bci zale\u017cy bowiem ostateczny wygl\u0105d banner\u00f3w internetowych, design stron internetowych, ulotek, gazet, czasopism kolorowych oraz ksi\u0105\u017cek.<\/p>\r\n<p style=\"text-align: justify;\"><strong>Technik grafiki i poligrafii cyfrowej mo\u017ce pracowa\u0107 jako grafik komputerowy, mo\u017ce by\u0107 pracownikiem lub w\u0142a\u015bcicielem drukarni, tw\u00f3rc\u0105 klip\u00f3w filmowych, animacji i prezentacji, drukarzem, operatorem drukarki 3D<\/strong><\/p>\r\n<hr \/>\r\n<ul>\r\n<li>Klasa specjalna przysposabiaj\u0105ca do pracy<\/li>\r\n<\/ul>\r\n<p style=\"text-align: justify;\"><img loading=\"lazy\" decoding=\"async\" class=\" wp-image-5209 alignleft\" src=\"http:\/\/rataje.eu\/wp-content\/uploads\/2020\/02\/Unknown.jpeg\" alt=\"\" width=\"219\" height=\"142\" \/>Dla uczni\u00f3w z niepe\u0142nosprawno\u015bci\u0105 intelektualn\u0105 w stopniu umiarkowanym lub znacznym oraz niepe\u0142nosprawno\u015bciami sprz\u0119\u017conymi.<\/p>\r\n<p>&nbsp;<\/p>\r\n<p>&nbsp;<\/p>\r\n<p>Po uko\u0144czeniu szko\u0142y ucze\u0144 mo\u017ce pracowa\u0107 jako:<\/p>\r\n<p>pracownik hotelowy<\/p>\r\n<p>pracownik w gastronomii<\/p>\r\n<p>pracownik pomocniczy w pracy biurowej<\/p>\r\n<p>pracownik tworz\u0105cy dekoracje<\/p>\r\n<p><span style=\"border-top-left-radius: 2px; border-top-right-radius: 2px; border-bottom-right-radius: 2px; border-bottom-left-radius: 2px; text-indent: 20px; width: auto; padding: 0px 4px 0px 0px; text-align: center; font-style: normal; font-variant-caps: normal; font-weight: bold; font-stretch: normal; font-size: 11px; line-height: 20px; font-family: 'Helvetica Neue', Helvetica, sans-serif; color: #ffffff; background-image: url(data:image\/svg+xml; base64,phn2zyb4bwxucz0iahr0cdovl3d3dy53my5vcmcvmjawmc9zdmciighlawdodd0imzbwecigd2lkdgg9ijmwchgiihzpzxdcb3g9ii0xic0xidmxidmxij48zz48cgf0acbkpsjnmjkundq5lde0ljy2mibdmjkundq5ldiyljcymiaymi44njgsmjkumju2ide0ljc1ldi5lji1nibdni42mzismjkumju2idaumduxldiyljcymiawlja1mswxnc42njigqzaumduxldyunjaxidyunjmyldaumdy3ide0ljc1ldaumdy3iemymi44njgsmc4wnjcgmjkundq5ldyunjaxidi5ljq0oswxnc42njiiigzpbgw9iinmzmyiihn0cm9rzt0ii2zmziigc3ryb2tllxdpzhropsixij48l3bhdgg+phbhdgggzd0itte0ljczmywxljy4nibdny41mtysms42odygms42njusny40otugms42njusmtqunjyyiemxljy2nswymc4xntkgns4xmdksmjquodu0idkuotcsmjyunzq0iem5ljg1niwyns43mtggos43ntmsmjqumtqzidewljaxniwymy4wmjigqzewlji1mywymi4wmsaxms41ndgsmtyuntcyidexlju0ocwxni41nzigqzexlju0ocwxni41nzigmteumtu3lde1ljc5nsaxms4xntcsmtqunjq2iemxms4xntcsmtiuodqyideyljixmswxms40otugmtmuntiyldexljq5nsbdmtqunjm3ldexljq5nsaxns4xnzusmtiumzi2ide1lje3nswxmy4zmjmgqze1lje3nswxnc40mzygmtqundyylde2ljegmtqumdkzlde3ljy0mybdmtmunzg1lde4ljkznsaxnc43ndusmtkuotg4ide2ljayocwxos45odggqze4ljm1mswxos45odggmjaumtm2lde3lju1niaymc4xmzysmtqumdq2iemymc4xmzysmtauotm5ide3ljg4ocw4ljc2nyaxnc42nzgsoc43njcgqzewljk1osw4ljc2nya4ljc3nywxms41mzygoc43nzcsmtqumzk4iem4ljc3nywxns41mtmgos4ymswxni43mdkgos43ndksmtcumzu5iem5ljg1niwxny40odggos44nzismtcunia5ljg0lde3ljczmsbdos43ndesmtgumtqxidkuntismtkumdizidkundc3lde5ljiwmybdos40miwxos40nca5lji4ocwxos40otegos4wncwxos4znzygqzcunda4lde4ljyymia2ljm4nywxni4yntigni4zodcsmtqumzq5iem2ljm4nywxmc4yntygos4zodmsni40otcgmtuumdiyldyundk3iemxos41ntusni40otcgmjmumdc4ldkunza1idizlja3ocwxmy45otegqzizlja3ocwxoc40njmgmjaumjm5ldiylja2miaxni4yotcsmjiumdyyiemxnc45nzmsmjiumdyyidezljcyocwyms4znzkgmtmumzayldiwlju3mibdmtmumzayldiwlju3miaxmi42ndcsmjmumdugmtiundg4ldizljy1nybdmtiumtkzldi0ljc4ncaxms4zotysmjyumtk2idewljg2mywyny4wntggqzeylja4niwyny40mzqgmtmumzg2ldi3ljyznyaxnc43mzmsmjcunjm3iemyms45nswyny42mzcgmjcuodaxldixljgyocayny44mdesmtqunjyyiemyny44mdesny40otugmjeuotusms42odygmtqunzmzldeunjg2iibmawxspsijymqwodfjij48l3bhdgg+pc9npjwvc3znpg==); background-size: 14px 14px; background-color: #bd081c; position: absolute; opacity: 1; z-index: 8675309; display: none; cursor: pointer; border: none; -webkit-font-smoothing: antialiased; top: 20px; left: 20px; background-position: 3px 50%; background-repeat: no-repeat no-repeat;\">Zapisz<\/span><span style=\"border-top-left-radius: 2px; border-top-right-radius: 2px; border-bottom-right-radius: 2px; border-bottom-left-radius: 2px; text-indent: 20px; width: auto; padding: 0px 4px 0px 0px; text-align: center; font-style: normal; font-variant-caps: normal; font-weight: bold; font-stretch: normal; font-size: 11px; line-height: 20px; font-family: 'Helvetica Neue', Helvetica, sans-serif; color: #ffffff; background-image: url(data:image\/svg+xml; base64,phn2zyb4bwxucz0iahr0cdovl3d3dy53my5vcmcvmjawmc9zdmciighlawdodd0imzbwecigd2lkdgg9ijmwchgiihzpzxdcb3g9ii0xic0xidmxidmxij48zz48cgf0acbkpsjnmjkundq5lde0ljy2mibdmjkundq5ldiyljcymiaymi44njgsmjkumju2ide0ljc1ldi5lji1nibdni42mzismjkumju2idaumduxldiyljcymiawlja1mswxnc42njigqzaumduxldyunjaxidyunjmyldaumdy3ide0ljc1ldaumdy3iemymi44njgsmc4wnjcgmjkundq5ldyunjaxidi5ljq0oswxnc42njiiigzpbgw9iinmzmyiihn0cm9rzt0ii2zmziigc3ryb2tllxdpzhropsixij48l3bhdgg+phbhdgggzd0itte0ljczmywxljy4nibdny41mtysms42odygms42njusny40otugms42njusmtqunjyyiemxljy2nswymc4xntkgns4xmdksmjquodu0idkuotcsmjyunzq0iem5ljg1niwyns43mtggos43ntmsmjqumtqzidewljaxniwymy4wmjigqzewlji1mywymi4wmsaxms41ndgsmtyuntcyidexlju0ocwxni41nzigqzexlju0ocwxni41nzigmteumtu3lde1ljc5nsaxms4xntcsmtqunjq2iemxms4xntcsmtiuodqyideyljixmswxms40otugmtmuntiyldexljq5nsbdmtqunjm3ldexljq5nsaxns4xnzusmtiumzi2ide1lje3nswxmy4zmjmgqze1lje3nswxnc40mzygmtqundyylde2ljegmtqumdkzlde3ljy0mybdmtmunzg1lde4ljkznsaxnc43ndusmtkuotg4ide2ljayocwxos45odggqze4ljm1mswxos45odggmjaumtm2lde3lju1niaymc4xmzysmtqumdq2iemymc4xmzysmtauotm5ide3ljg4ocw4ljc2nyaxnc42nzgsoc43njcgqzewljk1osw4ljc2nya4ljc3nywxms41mzygoc43nzcsmtqumzk4iem4ljc3nywxns41mtmgos4ymswxni43mdkgos43ndksmtcumzu5iem5ljg1niwxny40odggos44nzismtcunia5ljg0lde3ljczmsbdos43ndesmtgumtqxidkuntismtkumdizidkundc3lde5ljiwmybdos40miwxos40nca5lji4ocwxos40otegos4wncwxos4znzygqzcunda4lde4ljyymia2ljm4nywxni4yntigni4zodcsmtqumzq5iem2ljm4nywxmc4yntygos4zodmsni40otcgmtuumdiyldyundk3iemxos41ntusni40otcgmjmumdc4ldkunza1idizlja3ocwxmy45otegqzizlja3ocwxoc40njmgmjaumjm5ldiylja2miaxni4yotcsmjiumdyyiemxnc45nzmsmjiumdyyidezljcyocwyms4znzkgmtmumzayldiwlju3mibdmtmumzayldiwlju3miaxmi42ndcsmjmumdugmtiundg4ldizljy1nybdmtiumtkzldi0ljc4ncaxms4zotysmjyumtk2idewljg2mywyny4wntggqzeylja4niwyny40mzqgmtmumzg2ldi3ljyznyaxnc43mzmsmjcunjm3iemyms45nswyny42mzcgmjcuodaxldixljgyocayny44mdesmtqunjyyiemyny44mdesny40otugmjeuotusms42odygmtqunzmzldeunjg2iibmawxspsijymqwodfjij48l3bhdgg+pc9npjwvc3znpg==); background-size: 14px 14px; background-color: #bd081c; position: absolute; opacity: 1; z-index: 8675309; display: none; cursor: pointer; border: none; -webkit-font-smoothing: antialiased; top: 20px; left: 20px; background-position: 3px 50%; background-repeat: no-repeat no-repeat;\">Zapisz<\/span><\/p>","protected":false},"excerpt":{"rendered":"<p>Liceum klasa turystyczna (przedmioty w zakresie rozszerzonym: geografia, j\u0119zyk angielski) Po uko\u0144czeniu szko\u0142y ucze\u0144 mo\u017cesz pracowa\u0107 jako: pracownik agencji turystycznej przewodnik pilot wycieczek rezydent\u00a0 &nbsp; Liceum klasa j\u0119zykowa (przedmioty w zakresie rozszerzonym: j\u0119zyk angielski,&#46;&#46;&#46;<\/p>\n","protected":false},"author":1,"featured_media":0,"parent":0,"menu_order":0,"comment_status":"closed","ping_status":"closed","template":"","meta":{"footnotes":""},"class_list":["post-1033","page","type-page","status-publish","hentry"],"_links":{"self":[{"href":"https:\/\/rataje.eu\/index.php?rest_route=\/wp\/v2\/pages\/1033","targetHints":{"allow":["GET"]}}],"collection":[{"href":"https:\/\/rataje.eu\/index.php?rest_route=\/wp\/v2\/pages"}],"about":[{"href":"https:\/\/rataje.eu\/index.php?rest_route=\/wp\/v2\/types\/page"}],"author":[{"embeddable":true,"href":"https:\/\/rataje.eu\/index.php?rest_route=\/wp\/v2\/users\/1"}],"replies":[{"embeddable":true,"href":"https:\/\/rataje.eu\/index.php?rest_route=%2Fwp%2Fv2%2Fcomments&post=1033"}],"version-history":[{"count":30,"href":"https:\/\/rataje.eu\/index.php?rest_route=\/wp\/v2\/pages\/1033\/revisions"}],"predecessor-version":[{"id":6370,"href":"https:\/\/rataje.eu\/index.php?rest_route=\/wp\/v2\/pages\/1033\/revisions\/6370"}],"wp:attachment":[{"href":"https:\/\/rataje.eu\/index.php?rest_route=%2Fwp%2Fv2%2Fmedia&parent=1033"}],"curies":[{"name":"wp","href":"https:\/\/api.w.org\/{rel}","templated":true}]}}