{"id":7281,"date":"2021-09-21T17:26:40","date_gmt":"2021-09-21T17:26:40","guid":{"rendered":"http:\/\/rataje.eu\/?page_id=7281"},"modified":"2021-09-21T17:32:57","modified_gmt":"2021-09-21T17:32:57","slug":"mlegitymacja","status":"publish","type":"page","link":"https:\/\/rataje.eu\/?page_id=7281","title":{"rendered":"mLegitymacja"},"content":{"rendered":"<h1>Przygotuj online bezp\u0142atne zdj\u0119cie do mLegitymacji<\/h1>\n<p style=\"text-align: justify;\">mLegitymacja to nic innego jak elektroniczny rodzaj tradycyjnej, papierowej legitymacji szkolnej. Zapewnia ona szereg korzy\u015bci wynikaj\u0105cych z klasycznej wersji i posiada t\u0119 sam\u0105 warto\u015b\u0107 prawn\u0105.<\/p>\n<p style=\"text-align: justify;\"><a href=\"https:\/\/passport-photo.online\/pl\/zdjecie-do-mlegitymacji\">Kreator zdj\u0119\u0107 do mLegitymacji<\/a> powsta\u0142 po to, aby bez wychodzenia z domu i w jak naj\u0142atwiejszy spos\u00f3b, wykona\u0107 fotografie do elektronicznej legitymacji szkolnej. Korzysta\u0107 z niego mog\u0105 wszyscy uczniowie szko\u0142y, kt\u00f3ra przyst\u0105pi\u0142a do programu mLegitymacja. Obs\u0142uga tego narz\u0119dzia jest niezwykle prosta, a ca\u0142y proces mo\u017cna przej\u015b\u0107 w kilka minut, z poziomu smartfona.<\/p>\n<p><img loading=\"lazy\" decoding=\"async\" class=\"size-full wp-image-7288\" src=\"http:\/\/rataje.eu\/wp-content\/uploads\/2021\/09\/mlegitymacja_4.jpg\" alt=\"mLegitymacja\" width=\"1200\" height=\"420\" srcset=\"https:\/\/rataje.eu\/wp-content\/uploads\/2021\/09\/mlegitymacja_4.jpg 1200w, https:\/\/rataje.eu\/wp-content\/uploads\/2021\/09\/mlegitymacja_4-300x105.jpg 300w, https:\/\/rataje.eu\/wp-content\/uploads\/2021\/09\/mlegitymacja_4-1024x358.jpg 1024w, https:\/\/rataje.eu\/wp-content\/uploads\/2021\/09\/mlegitymacja_4-768x269.jpg 768w\" sizes=\"auto, (max-width: 1200px) 100vw, 1200px\" \/><\/p>\n<h2>Wykonaj zdj\u0119cie do mLegitymacji w kilka sekund<\/h2>\n<p style=\"text-align: justify;\">Do wygenerowania zdj\u0119\u0107 wystarczy zwyk\u0142a fotografia wykonana za pomoc\u0105 telefonu. Oprogramowanie przeprowadzi Ci\u0119 przez ca\u0142y proces tworzenia zdj\u0119cia, przy okazji dziel\u0105c si\u0119 z Tob\u0105 wskaz\u00f3wkami jak odpowiednio je wykona\u0107. Miejsce ich zrobienia nie ma znaczenia, liczy si\u0119 tylko ustawienie twojej twarzy. Ca\u0142\u0105 reszt\u0105 zajmie si\u0119 kreator, kt\u00f3ry w kilka sekund dokona niezb\u0119dnych przer\u00f3bek: zast\u0105pi t\u0142o, poprawi o\u015bwietlenie a nast\u0119pnie odpowiednio przytnie zdj\u0119cie.<\/p>\n<p>Pami\u0119taj, by przy wykonywaniu zdj\u0119cia zadba\u0107 o nast\u0119puj\u0105ce elementy:<\/p>\n<ol>\n<li>Patrz prosto w obiektyw i nie przechylaj g\u0142owy na boki.<\/li>\n<li>Zdj\u0119cie nie mo\u017ce by\u0107 tzw. selfie &#8211; najlepiej popro\u015b kogo\u015b, by Ci pom\u00f3g\u0142.<\/li>\n<li>Zamknij usta.<\/li>\n<li>Znajd\u017a miejsce z r\u00f3wnomiernym o\u015bwietleniem, jak na przyk\u0142ad \u015bciana na przeciwko okna. Cienie przechodz\u0105ce przez twarz nie s\u0105 dozwolone.<\/li>\n<\/ol>\n<p>Mo\u017cesz wgra\u0107 tyle zdj\u0119\u0107, ile tylko chcesz, a potem wybra\u0107 najkorzystniejsz\u0105 wersj\u0119.<\/p>\n<h2>Na koniec wy\u015blij zdj\u0119cie do sekretariatu<\/h2>\n<p style=\"text-align: justify;\">Jedyne co musisz zrobi\u0107 teraz to przes\u0142a\u0107 zdj\u0119cie do sekretariatu. Kreator jest bezp\u0142atny. Co wi\u0119cej \u2012 zapewnia stuprocentow\u0105 gwarancj\u0119 akceptacji zdj\u0119cia.<\/p>\n<p style=\"text-align: justify;\">Nie musisz r\u00f3wnie\u017c obawia\u0107 si\u0119 o swoj\u0105 prywatno\u015b\u0107, poniewa\u017c oprogramowanie nie przechowuje twoich zdj\u0119\u0107, a ca\u0142y system jest odpowiednio zabezpieczony &#8211; Kreator korzysta z szyfrowanego po\u0142\u0105czenia z certyfikatami SSL. Mo\u017cesz by\u0107 pewien, \u017ce Twoje dane s\u0105 bezpieczne.<\/p>\n<p><strong>Link do kreatora zdj\u0119\u0107 do mLegitymacji znajdziesz pod tym linkiem: <\/strong><a href=\"https:\/\/passport-photo.online\/pl\/zdjecie-do-mlegitymacji\">https:\/\/passport-photo.online\/pl\/zdjecie-do-mlegitymacji<\/a><\/p>\n<p>Nast\u0119pnie post\u0119puj wed\u0142ug instrukcji dost\u0119pnych na stronie.<\/p>\n","protected":false},"excerpt":{"rendered":"<p>Przygotuj online bezp\u0142atne zdj\u0119cie do mLegitymacji mLegitymacja to nic innego jak elektroniczny rodzaj tradycyjnej, papierowej legitymacji szkolnej. Zapewnia ona szereg korzy\u015bci wynikaj\u0105cych z klasycznej wersji i posiada t\u0119 sam\u0105 warto\u015b\u0107 prawn\u0105. Kreator zdj\u0119\u0107 do&#46;&#46;&#46;<\/p>\n","protected":false},"author":1,"featured_media":0,"parent":0,"menu_order":0,"comment_status":"closed","ping_status":"closed","template":"","meta":{"footnotes":""},"class_list":["post-7281","page","type-page","status-publish","hentry"],"_links":{"self":[{"href":"https:\/\/rataje.eu\/index.php?rest_route=\/wp\/v2\/pages\/7281","targetHints":{"allow":["GET"]}}],"collection":[{"href":"https:\/\/rataje.eu\/index.php?rest_route=\/wp\/v2\/pages"}],"about":[{"href":"https:\/\/rataje.eu\/index.php?rest_route=\/wp\/v2\/types\/page"}],"author":[{"embeddable":true,"href":"https:\/\/rataje.eu\/index.php?rest_route=\/wp\/v2\/users\/1"}],"replies":[{"embeddable":true,"href":"https:\/\/rataje.eu\/index.php?rest_route=%2Fwp%2Fv2%2Fcomments&post=7281"}],"version-history":[{"count":8,"href":"https:\/\/rataje.eu\/index.php?rest_route=\/wp\/v2\/pages\/7281\/revisions"}],"predecessor-version":[{"id":7293,"href":"https:\/\/rataje.eu\/index.php?rest_route=\/wp\/v2\/pages\/7281\/revisions\/7293"}],"wp:attachment":[{"href":"https:\/\/rataje.eu\/index.php?rest_route=%2Fwp%2Fv2%2Fmedia&parent=7281"}],"curies":[{"name":"wp","href":"https:\/\/api.w.org\/{rel}","templated":true}]}}